{"id":21800,"date":"2019-01-11T22:47:09","date_gmt":"2019-01-11T20:47:09","guid":{"rendered":"https:\/\/vinozupa.com\/contact\/"},"modified":"2019-09-12T17:36:07","modified_gmt":"2019-09-12T15:36:07","slug":"contact","status":"publish","type":"page","link":"https:\/\/vinozupa.com\/en\/contact\/","title":{"rendered":"Contact"},"content":{"rendered":"\t\t<div data-elementor-type=\"wp-post\" data-elementor-id=\"21800\" class=\"elementor elementor-21800 elementor-934\">\n\t\t\t\t\t\t<section class=\"elementor-section elementor-top-section elementor-element elementor-element-13b4c3b elementor-section-stretched elementor-section-full_width elementor-section-height-full elementor-section-content-top elementor-section-height-default elementor-section-items-middle\" data-id=\"13b4c3b\" data-element_type=\"section\" data-settings=\"{&quot;stretch_section&quot;:&quot;section-stretched&quot;,&quot;background_background&quot;:&quot;gradient&quot;,&quot;animation&quot;:&quot;none&quot;}\">\n\t\t\t\t\t\t\t<div class=\"elementor-background-overlay\"><\/div>\n\t\t\t\t\t\t\t<div class=\"elementor-container elementor-column-gap-default\">\n\t\t\t\t\t<div class=\"elementor-column elementor-col-100 elementor-top-column elementor-element elementor-element-eeb3ea6\" data-id=\"eeb3ea6\" data-element_type=\"column\">\n\t\t\t<div class=\"elementor-widget-wrap elementor-element-populated\">\n\t\t\t\t\t\t<div class=\"elementor-element elementor-element-258b5f7f elementor-widget elementor-widget-heading\" data-id=\"258b5f7f\" data-element_type=\"widget\" data-widget_type=\"heading.default\">\n\t\t\t\t<div class=\"elementor-widget-container\">\n\t\t\t<h1 class=\"elementor-heading-title elementor-size-default\">Contact<\/h1>\t\t<\/div>\n\t\t\t\t<\/div>\n\t\t\t\t<div class=\"elementor-element elementor-element-ea6faef elementor-widget-divider--view-line elementor-widget elementor-widget-divider\" data-id=\"ea6faef\" data-element_type=\"widget\" data-widget_type=\"divider.default\">\n\t\t\t\t<div class=\"elementor-widget-container\">\n\t\t\t\t\t<div class=\"elementor-divider\">\n\t\t\t<span class=\"elementor-divider-separator\">\n\t\t\t\t\t\t<\/span>\n\t\t<\/div>\n\t\t\t\t<\/div>\n\t\t\t\t<\/div>\n\t\t\t\t<section class=\"elementor-section elementor-inner-section elementor-element elementor-element-efbf8dc elementor-section-boxed elementor-section-height-default elementor-section-height-default\" data-id=\"efbf8dc\" data-element_type=\"section\">\n\t\t\t\t\t\t<div class=\"elementor-container elementor-column-gap-default\">\n\t\t\t\t\t<div class=\"elementor-column elementor-col-66 elementor-inner-column elementor-element elementor-element-f16d5de\" data-id=\"f16d5de\" data-element_type=\"column\">\n\t\t\t<div class=\"elementor-widget-wrap elementor-element-populated\">\n\t\t\t\t\t\t<div class=\"elementor-element elementor-element-8fbbb9d elementor-widget elementor-widget-google_maps\" data-id=\"8fbbb9d\" data-element_type=\"widget\" data-widget_type=\"google_maps.default\">\n\t\t\t\t<div class=\"elementor-widget-container\">\n\t\t\t\t\t<div class=\"elementor-custom-embed\">\n\t\t\t<iframe loading=\"lazy\"\n\t\t\t\t\tsrc=\"https:\/\/maps.google.com\/maps?q=Vino%20%C5%BDupa%2C%20Aleksandrovac%2C%20Kru%C5%A1eva%C4%8Dka%2036&#038;t=m&#038;z=9&#038;output=embed&#038;iwloc=near\"\n\t\t\t\t\ttitle=\"Vino \u017dupa, Aleksandrovac, Kru\u0161eva\u010dka 36\"\n\t\t\t\t\taria-label=\"Vino \u017dupa, Aleksandrovac, Kru\u0161eva\u010dka 36\"\n\t\t\t><\/iframe>\n\t\t<\/div>\n\t\t\t\t<\/div>\n\t\t\t\t<\/div>\n\t\t\t\t<div class=\"elementor-element elementor-element-ae67dd9 elementor-mobile-align-left elementor-align-left elementor-tablet-align-left elementor-list-item-link-full_width elementor-widget elementor-widget-icon-list\" data-id=\"ae67dd9\" data-element_type=\"widget\" data-widget_type=\"icon-list.default\">\n\t\t\t\t<div class=\"elementor-widget-container\">\n\t\t\t\t\t<ul class=\"elementor-icon-list-items\">\n\t\t\t\t\t\t\t<li class=\"elementor-icon-list-item\">\n\t\t\t\t\t\t\t\t\t\t\t<span class=\"elementor-icon-list-icon\">\n\t\t\t\t\t\t\t\t\t\t\t\t\t\t\t\t<i class=\"fa fa-phone\" aria-hidden=\"true\"><\/i>\n\t\t\t\t\t\t\t\t\t\t\t\t\t<\/span>\n\t\t\t\t\t\t\t\t\t\t<span class=\"elementor-icon-list-text\">+381 (0)37 3552 409<\/span>\n\t\t\t\t\t\t\t\t\t<\/li>\n\t\t\t\t\t\t\t\t<li class=\"elementor-icon-list-item\">\n\t\t\t\t\t\t\t\t\t\t\t<a href=\"mailto:office@vinozupa.com\">\n\n\t\t\t\t\t\t\t\t\t\t\t\t<span class=\"elementor-icon-list-icon\">\n\t\t\t\t\t\t\t\t\t\t\t\t\t\t\t\t<i class=\"fa fa-envelope\" aria-hidden=\"true\"><\/i>\n\t\t\t\t\t\t\t\t\t\t\t\t\t<\/span>\n\t\t\t\t\t\t\t\t\t\t<span class=\"elementor-icon-list-text\">office@vinozupa.com<\/span>\n\t\t\t\t\t\t\t\t\t\t\t<\/a>\n\t\t\t\t\t\t\t\t\t<\/li>\n\t\t\t\t\t\t\t\t<li class=\"elementor-icon-list-item\">\n\t\t\t\t\t\t\t\t\t\t\t<a href=\"http:\/\/www.vinozupa.com\" rel=\"nofollow\">\n\n\t\t\t\t\t\t\t\t\t\t\t\t<span class=\"elementor-icon-list-icon\">\n\t\t\t\t\t\t\t\t\t\t\t\t\t\t\t\t<i class=\"fa fa-globe\" aria-hidden=\"true\"><\/i>\n\t\t\t\t\t\t\t\t\t\t\t\t\t<\/span>\n\t\t\t\t\t\t\t\t\t\t<span class=\"elementor-icon-list-text\">www.vinozupa.com<\/span>\n\t\t\t\t\t\t\t\t\t\t\t<\/a>\n\t\t\t\t\t\t\t\t\t<\/li>\n\t\t\t\t\t\t\t\t<li class=\"elementor-icon-list-item\">\n\t\t\t\t\t\t\t\t\t\t\t<span class=\"elementor-icon-list-icon\">\n\t\t\t\t\t\t\t\t\t\t\t\t\t\t\t\t<i class=\"fa fa-street-view\" aria-hidden=\"true\"><\/i>\n\t\t\t\t\t\t\t\t\t\t\t\t\t<\/span>\n\t\t\t\t\t\t\t\t\t\t<span class=\"elementor-icon-list-text\">Aleksandrovac 37230, Kru\u0161eva\u010dka 36, Serbia<\/span>\n\t\t\t\t\t\t\t\t\t<\/li>\n\t\t\t\t\t\t<\/ul>\n\t\t\t\t<\/div>\n\t\t\t\t<\/div>\n\t\t\t\t\t<\/div>\n\t\t<\/div>\n\t\t\t\t<div class=\"elementor-column elementor-col-33 elementor-inner-column elementor-element elementor-element-7e80b2c\" data-id=\"7e80b2c\" data-element_type=\"column\">\n\t\t\t<div class=\"elementor-widget-wrap elementor-element-populated\">\n\t\t\t\t\t\t<div class=\"elementor-element elementor-element-2479f96 elementor-widget elementor-widget-wp-widget-wpforms-widget\" data-id=\"2479f96\" data-element_type=\"widget\" data-settings=\"{&quot;_animation&quot;:&quot;none&quot;}\" data-widget_type=\"wp-widget-wpforms-widget.default\">\n\t\t\t\t<div class=\"elementor-widget-container\">\n\t\t\t<div class=\"wpforms-container wpforms-container-full\" id=\"wpforms-21802\"><form id=\"wpforms-form-21802\" class=\"wpforms-validate wpforms-form wpforms-ajax-form\" data-formid=\"21802\" method=\"post\" enctype=\"multipart\/form-data\" action=\"\/en\/wp-json\/wp\/v2\/pages\/21800\" data-token=\"0402942091a9d8d83ebb06cf59613d40\" data-token-time=\"1776788256\"><noscript class=\"wpforms-error-noscript\">Please enable JavaScript in your browser to complete this form.<\/noscript><div class=\"wpforms-field-container\"><div id=\"wpforms-21802-field_0-container\" class=\"wpforms-field wpforms-field-name\" data-field-id=\"0\"><label class=\"wpforms-field-label\" for=\"wpforms-21802-field_0\">Name <span class=\"wpforms-required-label\">*<\/span><\/label><input type=\"text\" id=\"wpforms-21802-field_0\" class=\"wpforms-field-large wpforms-field-required\" name=\"wpforms[fields][0]\" required><\/div><div id=\"wpforms-21802-field_4-container\" class=\"wpforms-field wpforms-field-text\" data-field-id=\"4\"><label class=\"wpforms-field-label\" for=\"wpforms-21802-field_4\">Company<\/label><input type=\"text\" id=\"wpforms-21802-field_4\" class=\"wpforms-field-large\" name=\"wpforms[fields][4]\" ><\/div><div id=\"wpforms-21802-field_1-container\" class=\"wpforms-field wpforms-field-email\" data-field-id=\"1\"><label class=\"wpforms-field-label\" for=\"wpforms-21802-field_1\">Email <span class=\"wpforms-required-label\">*<\/span><\/label><input type=\"email\" id=\"wpforms-21802-field_1\" class=\"wpforms-field-large wpforms-field-required\" name=\"wpforms[fields][1]\" spellcheck=\"false\" required><\/div><div id=\"wpforms-21802-field_2-container\" class=\"wpforms-field wpforms-field-textarea\" data-field-id=\"2\"><label class=\"wpforms-field-label\" for=\"wpforms-21802-field_2\">Comment or message <span class=\"wpforms-required-label\">*<\/span><\/label><textarea id=\"wpforms-21802-field_2\" class=\"wpforms-field-medium wpforms-field-required\" name=\"wpforms[fields][2]\" required><\/textarea><\/div><\/div><!-- .wpforms-field-container --><div class=\"wpforms-field wpforms-field-hp\"><label for=\"wpforms-21802-field-hp\" class=\"wpforms-field-label\">Comment<\/label><input type=\"text\" name=\"wpforms[hp]\" id=\"wpforms-21802-field-hp\" class=\"wpforms-field-medium\"><\/div><div class=\"wpforms-recaptcha-container wpforms-is-recaptcha wpforms-is-recaptcha-type-v2\" ><div class=\"g-recaptcha\" data-sitekey=\"6LcmabcUAAAAAPOd84M9o5ZszXllcs7t41-7soPF\"><\/div><input type=\"text\" name=\"g-recaptcha-hidden\" class=\"wpforms-recaptcha-hidden\" style=\"position:absolute!important;clip:rect(0,0,0,0)!important;height:1px!important;width:1px!important;border:0!important;overflow:hidden!important;padding:0!important;margin:0!important;\" data-rule-recaptcha=\"1\"><\/div><div class=\"wpforms-submit-container\" ><input type=\"hidden\" name=\"wpforms[id]\" value=\"21802\"><input type=\"hidden\" name=\"page_title\" value=\"\"><input type=\"hidden\" name=\"page_url\" value=\"https:\/\/vinozupa.com\/en\/wp-json\/wp\/v2\/pages\/21800\"><input type=\"hidden\" name=\"url_referer\" value=\"\"><button type=\"submit\" name=\"wpforms[submit]\" id=\"wpforms-submit-21802\" class=\"wpforms-submit\" data-alt-text=\"Sending...\" data-submit-text=\"Submit\" aria-live=\"assertive\" value=\"wpforms-submit\">Submit<\/button><img decoding=\"async\" src=\"https:\/\/vinozupa.com\/wp-content\/plugins\/wpforms-lite\/assets\/images\/submit-spin.svg\" class=\"wpforms-submit-spinner\" style=\"display: none;\" width=\"26\" height=\"26\" alt=\"Loading\"><\/div><\/form><\/div>  <!-- .wpforms-container -->\t\t<\/div>\n\t\t\t\t<\/div>\n\t\t\t\t\t<\/div>\n\t\t<\/div>\n\t\t\t\t\t<\/div>\n\t\t<\/section>\n\t\t\t\t\t<\/div>\n\t\t<\/div>\n\t\t\t\t\t<\/div>\n\t\t<\/section>\n\t\t\t\t<section class=\"elementor-section elementor-top-section elementor-element elementor-element-5928069 elementor-section-boxed elementor-section-height-default elementor-section-height-default\" data-id=\"5928069\" data-element_type=\"section\">\n\t\t\t\t\t\t<div class=\"elementor-container elementor-column-gap-default\">\n\t\t\t\t\t<div class=\"elementor-column elementor-col-100 elementor-top-column elementor-element elementor-element-2d02b58\" data-id=\"2d02b58\" data-element_type=\"column\">\n\t\t\t<div class=\"elementor-widget-wrap elementor-element-populated\">\n\t\t\t\t\t\t<div class=\"elementor-element elementor-element-c328416 elementor-widget elementor-widget-spacer\" data-id=\"c328416\" data-element_type=\"widget\" data-widget_type=\"spacer.default\">\n\t\t\t\t<div class=\"elementor-widget-container\">\n\t\t\t\t\t<div class=\"elementor-spacer\">\n\t\t\t<div class=\"elementor-spacer-inner\"><\/div>\n\t\t<\/div>\n\t\t\t\t<\/div>\n\t\t\t\t<\/div>\n\t\t\t\t\t<\/div>\n\t\t<\/div>\n\t\t\t\t\t<\/div>\n\t\t<\/section>\n\t\t\t\t<section class=\"elementor-section elementor-top-section elementor-element elementor-element-84082e6 elementor-section-boxed elementor-section-height-default elementor-section-height-default\" data-id=\"84082e6\" data-element_type=\"section\">\n\t\t\t\t\t\t<div class=\"elementor-container elementor-column-gap-default\">\n\t\t\t\t\t<div class=\"elementor-column elementor-col-100 elementor-top-column elementor-element elementor-element-653ca70\" data-id=\"653ca70\" data-element_type=\"column\">\n\t\t\t<div class=\"elementor-widget-wrap elementor-element-populated\">\n\t\t\t\t\t\t<div class=\"elementor-element elementor-element-46aeb34 elementor-widget elementor-widget-text-editor\" data-id=\"46aeb34\" data-element_type=\"widget\" data-widget_type=\"text-editor.default\">\n\t\t\t\t<div class=\"elementor-widget-container\">\n\t\t\t\t\t\t\t<p><strong>MARKETING Dept.<\/strong><br \/>\n<a href=\"mailto:marketing@vinozupa.com\">marketing@vinozupa.com<\/a><\/p>\n<p><strong>EXPORT Dept.<\/strong><br \/>\n<a href=\"mailto:izvoz@vinozupa.com\">izvoz@vinozupa.com<\/a><\/p>\n<p><strong>ACCOUNTS Dept.<\/strong><br \/>\n<a href=\"mailto:racunovodstvo@vinozupa.com\">racunovodstvo@vinozupa.com<\/a><\/p>\n<p><strong>PURCHASING Dept.<\/strong><br \/>\n<a href=\"mailto:nabavka@vinozupa.com\">nabavka@vinozupa.com<\/a><\/p>\n<p><strong>WAREHOUSE Dept.<\/strong><br \/>\n<a href=\"mailto:magacin@vinozupa.com\">magacin@vinozupa.com<\/a><\/p>\n<p><strong>QUALITY CONTROL Dept.<\/strong><br \/>\n<a href=\"mailto:kontrolakvaliteta@vinozupa.com\">kontrolakvaliteta@vinozupa.com<\/a><\/p>\n\t\t\t\t\t\t<\/div>\n\t\t\t\t<\/div>\n\t\t\t\t\t<\/div>\n\t\t<\/div>\n\t\t\t\t\t<\/div>\n\t\t<\/section>\n\t\t\t\t<section class=\"elementor-section elementor-top-section elementor-element elementor-element-224352d elementor-section-boxed elementor-section-height-default elementor-section-height-default\" data-id=\"224352d\" data-element_type=\"section\">\n\t\t\t\t\t\t<div class=\"elementor-container elementor-column-gap-default\">\n\t\t\t\t\t<div class=\"elementor-column elementor-col-100 elementor-top-column elementor-element elementor-element-e160424\" data-id=\"e160424\" data-element_type=\"column\">\n\t\t\t<div class=\"elementor-widget-wrap elementor-element-populated\">\n\t\t\t\t\t\t<div class=\"elementor-element elementor-element-b0fa33a elementor-widget elementor-widget-spacer\" data-id=\"b0fa33a\" data-element_type=\"widget\" data-widget_type=\"spacer.default\">\n\t\t\t\t<div class=\"elementor-widget-container\">\n\t\t\t\t\t<div class=\"elementor-spacer\">\n\t\t\t<div class=\"elementor-spacer-inner\"><\/div>\n\t\t<\/div>\n\t\t\t\t<\/div>\n\t\t\t\t<\/div>\n\t\t\t\t\t<\/div>\n\t\t<\/div>\n\t\t\t\t\t<\/div>\n\t\t<\/section>\n\t\t\t\t<\/div>\n\t\t","protected":false},"excerpt":{"rendered":"<p>Contact +381 (0)37 3552 409 office@vinozupa.com www.vinozupa.com Aleksandrovac 37230, Kru\u0161eva\u010dka 36, Serbia MARKETING Dept. marketing@vinozupa.com EXPORT Dept. izvoz@vinozupa.com ACCOUNTS Dept. racunovodstvo@vinozupa.com PURCHASING Dept. nabavka@vinozupa.com WAREHOUSE Dept. magacin@vinozupa.com QUALITY CONTROL Dept. kontrolakvaliteta@vinozupa.com<\/p>\n","protected":false},"author":1,"featured_media":0,"parent":0,"menu_order":0,"comment_status":"closed","ping_status":"closed","template":"","meta":{"ocean_post_layout":"","ocean_both_sidebars_style":"","ocean_both_sidebars_content_width":0,"ocean_both_sidebars_sidebars_width":0,"ocean_sidebar":"0","ocean_second_sidebar":"0","ocean_disable_margins":"enable","ocean_add_body_class":"","ocean_shortcode_before_top_bar":"","ocean_shortcode_after_top_bar":"","ocean_shortcode_before_header":"","ocean_shortcode_after_header":"","ocean_has_shortcode":"","ocean_shortcode_after_title":"","ocean_shortcode_before_footer_widgets":"","ocean_shortcode_after_footer_widgets":"","ocean_shortcode_before_footer_bottom":"","ocean_shortcode_after_footer_bottom":"","ocean_display_top_bar":"default","ocean_display_header":"default","ocean_header_style":"","ocean_center_header_left_menu":"0","ocean_custom_header_template":"0","ocean_custom_logo":0,"ocean_custom_retina_logo":0,"ocean_custom_logo_max_width":0,"ocean_custom_logo_tablet_max_width":0,"ocean_custom_logo_mobile_max_width":0,"ocean_custom_logo_max_height":0,"ocean_custom_logo_tablet_max_height":0,"ocean_custom_logo_mobile_max_height":0,"ocean_header_custom_menu":"0","ocean_menu_typo_font_family":"0","ocean_menu_typo_font_subset":"","ocean_menu_typo_font_size":0,"ocean_menu_typo_font_size_tablet":0,"ocean_menu_typo_font_size_mobile":0,"ocean_menu_typo_font_size_unit":"px","ocean_menu_typo_font_weight":"","ocean_menu_typo_font_weight_tablet":"","ocean_menu_typo_font_weight_mobile":"","ocean_menu_typo_transform":"","ocean_menu_typo_transform_tablet":"","ocean_menu_typo_transform_mobile":"","ocean_menu_typo_line_height":0,"ocean_menu_typo_line_height_tablet":0,"ocean_menu_typo_line_height_mobile":0,"ocean_menu_typo_line_height_unit":"","ocean_menu_typo_spacing":0,"ocean_menu_typo_spacing_tablet":0,"ocean_menu_typo_spacing_mobile":0,"ocean_menu_typo_spacing_unit":"","ocean_menu_link_color":"","ocean_menu_link_color_hover":"","ocean_menu_link_color_active":"","ocean_menu_link_background":"","ocean_menu_link_hover_background":"","ocean_menu_link_active_background":"","ocean_menu_social_links_bg":"","ocean_menu_social_hover_links_bg":"","ocean_menu_social_links_color":"","ocean_menu_social_hover_links_color":"","ocean_disable_title":"on","ocean_disable_heading":"on","ocean_post_title":"","ocean_post_subheading":"","ocean_post_title_style":"","ocean_post_title_background_color":"","ocean_post_title_background":0,"ocean_post_title_bg_image_position":"","ocean_post_title_bg_image_attachment":"","ocean_post_title_bg_image_repeat":"","ocean_post_title_bg_image_size":"","ocean_post_title_height":0,"ocean_post_title_bg_overlay":0.5,"ocean_post_title_bg_overlay_color":"","ocean_disable_breadcrumbs":"default","ocean_breadcrumbs_color":"","ocean_breadcrumbs_separator_color":"","ocean_breadcrumbs_links_color":"","ocean_breadcrumbs_links_hover_color":"","ocean_display_footer_widgets":"default","ocean_display_footer_bottom":"default","ocean_custom_footer_template":"0"},"yoast_head":"<!-- This site is optimized with the Yoast SEO plugin v21.1 - https:\/\/yoast.com\/wordpress\/plugins\/seo\/ -->\n<title>Contact - Vino \u017dupa<\/title>\n<meta name=\"robots\" content=\"index, follow, max-snippet:-1, max-image-preview:large, max-video-preview:-1\" \/>\n<link rel=\"canonical\" href=\"https:\/\/vinozupa.com\/en\/contact\/\" \/>\n<meta property=\"og:locale\" content=\"en_US\" \/>\n<meta property=\"og:type\" content=\"article\" \/>\n<meta property=\"og:title\" content=\"Contact - Vino \u017dupa\" \/>\n<meta property=\"og:description\" content=\"Contact +381 (0)37 3552 409 office@vinozupa.com www.vinozupa.com Aleksandrovac 37230, Kru\u0161eva\u010dka 36, Serbia MARKETING Dept. marketing@vinozupa.com EXPORT Dept. izvoz@vinozupa.com ACCOUNTS Dept. racunovodstvo@vinozupa.com PURCHASING Dept. nabavka@vinozupa.com WAREHOUSE Dept. magacin@vinozupa.com QUALITY CONTROL Dept. kontrolakvaliteta@vinozupa.com\" \/>\n<meta property=\"og:url\" content=\"https:\/\/vinozupa.com\/en\/contact\/\" \/>\n<meta property=\"og:site_name\" content=\"Vino \u017dupa\" \/>\n<meta property=\"article:modified_time\" content=\"2019-09-12T15:36:07+00:00\" \/>\n<meta name=\"twitter:card\" content=\"summary_large_image\" \/>\n<script type=\"application\/ld+json\" class=\"yoast-schema-graph\">{\"@context\":\"https:\/\/schema.org\",\"@graph\":[{\"@type\":\"WebPage\",\"@id\":\"https:\/\/vinozupa.com\/en\/contact\/\",\"url\":\"https:\/\/vinozupa.com\/en\/contact\/\",\"name\":\"Contact - Vino \u017dupa\",\"isPartOf\":{\"@id\":\"https:\/\/vinozupa.com\/en\/#website\"},\"datePublished\":\"2019-01-11T20:47:09+00:00\",\"dateModified\":\"2019-09-12T15:36:07+00:00\",\"breadcrumb\":{\"@id\":\"https:\/\/vinozupa.com\/en\/contact\/#breadcrumb\"},\"inLanguage\":\"en-US\",\"potentialAction\":[{\"@type\":\"ReadAction\",\"target\":[\"https:\/\/vinozupa.com\/en\/contact\/\"]}]},{\"@type\":\"BreadcrumbList\",\"@id\":\"https:\/\/vinozupa.com\/en\/contact\/#breadcrumb\",\"itemListElement\":[{\"@type\":\"ListItem\",\"position\":1,\"name\":\"Naslovna\",\"item\":\"https:\/\/vinozupa.com\/en\/\"},{\"@type\":\"ListItem\",\"position\":2,\"name\":\"Contact\"}]},{\"@type\":\"WebSite\",\"@id\":\"https:\/\/vinozupa.com\/en\/#website\",\"url\":\"https:\/\/vinozupa.com\/en\/\",\"name\":\"Vino \u017dupa\",\"description\":\"\",\"publisher\":{\"@id\":\"https:\/\/vinozupa.com\/en\/#organization\"},\"potentialAction\":[{\"@type\":\"SearchAction\",\"target\":{\"@type\":\"EntryPoint\",\"urlTemplate\":\"https:\/\/vinozupa.com\/en\/?s={search_term_string}\"},\"query-input\":\"required name=search_term_string\"}],\"inLanguage\":\"en-US\"},{\"@type\":\"Organization\",\"@id\":\"https:\/\/vinozupa.com\/en\/#organization\",\"name\":\"Vino \u017dupa a.d.\",\"url\":\"https:\/\/vinozupa.com\/en\/\",\"logo\":{\"@type\":\"ImageObject\",\"inLanguage\":\"en-US\",\"@id\":\"https:\/\/vinozupa.com\/en\/#\/schema\/logo\/image\/\",\"url\":\"https:\/\/vinozupa.com\/wp-content\/uploads\/fotografije\/strane\/LogoVZ.png\",\"contentUrl\":\"https:\/\/vinozupa.com\/wp-content\/uploads\/fotografije\/strane\/LogoVZ.png\",\"width\":251,\"height\":42,\"caption\":\"Vino \u017dupa a.d.\"},\"image\":{\"@id\":\"https:\/\/vinozupa.com\/en\/#\/schema\/logo\/image\/\"},\"sameAs\":[\"https:\/\/www.youtube.com\/channel\/UCQhaCIC-7GlAcZT48ifHx6w\"]}]}<\/script>\n<!-- \/ Yoast SEO plugin. -->","yoast_head_json":{"title":"Contact - Vino \u017dupa","robots":{"index":"index","follow":"follow","max-snippet":"max-snippet:-1","max-image-preview":"max-image-preview:large","max-video-preview":"max-video-preview:-1"},"canonical":"https:\/\/vinozupa.com\/en\/contact\/","og_locale":"en_US","og_type":"article","og_title":"Contact - Vino \u017dupa","og_description":"Contact +381 (0)37 3552 409 office@vinozupa.com www.vinozupa.com Aleksandrovac 37230, Kru\u0161eva\u010dka 36, Serbia MARKETING Dept. marketing@vinozupa.com EXPORT Dept. izvoz@vinozupa.com ACCOUNTS Dept. racunovodstvo@vinozupa.com PURCHASING Dept. nabavka@vinozupa.com WAREHOUSE Dept. magacin@vinozupa.com QUALITY CONTROL Dept. kontrolakvaliteta@vinozupa.com","og_url":"https:\/\/vinozupa.com\/en\/contact\/","og_site_name":"Vino \u017dupa","article_modified_time":"2019-09-12T15:36:07+00:00","twitter_card":"summary_large_image","schema":{"@context":"https:\/\/schema.org","@graph":[{"@type":"WebPage","@id":"https:\/\/vinozupa.com\/en\/contact\/","url":"https:\/\/vinozupa.com\/en\/contact\/","name":"Contact - Vino \u017dupa","isPartOf":{"@id":"https:\/\/vinozupa.com\/en\/#website"},"datePublished":"2019-01-11T20:47:09+00:00","dateModified":"2019-09-12T15:36:07+00:00","breadcrumb":{"@id":"https:\/\/vinozupa.com\/en\/contact\/#breadcrumb"},"inLanguage":"en-US","potentialAction":[{"@type":"ReadAction","target":["https:\/\/vinozupa.com\/en\/contact\/"]}]},{"@type":"BreadcrumbList","@id":"https:\/\/vinozupa.com\/en\/contact\/#breadcrumb","itemListElement":[{"@type":"ListItem","position":1,"name":"Naslovna","item":"https:\/\/vinozupa.com\/en\/"},{"@type":"ListItem","position":2,"name":"Contact"}]},{"@type":"WebSite","@id":"https:\/\/vinozupa.com\/en\/#website","url":"https:\/\/vinozupa.com\/en\/","name":"Vino \u017dupa","description":"","publisher":{"@id":"https:\/\/vinozupa.com\/en\/#organization"},"potentialAction":[{"@type":"SearchAction","target":{"@type":"EntryPoint","urlTemplate":"https:\/\/vinozupa.com\/en\/?s={search_term_string}"},"query-input":"required name=search_term_string"}],"inLanguage":"en-US"},{"@type":"Organization","@id":"https:\/\/vinozupa.com\/en\/#organization","name":"Vino \u017dupa a.d.","url":"https:\/\/vinozupa.com\/en\/","logo":{"@type":"ImageObject","inLanguage":"en-US","@id":"https:\/\/vinozupa.com\/en\/#\/schema\/logo\/image\/","url":"https:\/\/vinozupa.com\/wp-content\/uploads\/fotografije\/strane\/LogoVZ.png","contentUrl":"https:\/\/vinozupa.com\/wp-content\/uploads\/fotografije\/strane\/LogoVZ.png","width":251,"height":42,"caption":"Vino \u017dupa a.d."},"image":{"@id":"https:\/\/vinozupa.com\/en\/#\/schema\/logo\/image\/"},"sameAs":["https:\/\/www.youtube.com\/channel\/UCQhaCIC-7GlAcZT48ifHx6w"]}]}},"_links":{"self":[{"href":"https:\/\/vinozupa.com\/en\/wp-json\/wp\/v2\/pages\/21800"}],"collection":[{"href":"https:\/\/vinozupa.com\/en\/wp-json\/wp\/v2\/pages"}],"about":[{"href":"https:\/\/vinozupa.com\/en\/wp-json\/wp\/v2\/types\/page"}],"author":[{"embeddable":true,"href":"https:\/\/vinozupa.com\/en\/wp-json\/wp\/v2\/users\/1"}],"replies":[{"embeddable":true,"href":"https:\/\/vinozupa.com\/en\/wp-json\/wp\/v2\/comments?post=21800"}],"version-history":[{"count":0,"href":"https:\/\/vinozupa.com\/en\/wp-json\/wp\/v2\/pages\/21800\/revisions"}],"wp:attachment":[{"href":"https:\/\/vinozupa.com\/en\/wp-json\/wp\/v2\/media?parent=21800"}],"curies":[{"name":"wp","href":"https:\/\/api.w.org\/{rel}","templated":true}]}}