{"id":21791,"date":"2019-05-17T11:16:59","date_gmt":"2019-05-17T09:16:59","guid":{"rendered":"https:\/\/vinozupa.com\/products\/fruit-concentrates-and-purees\/"},"modified":"2020-12-16T01:31:52","modified_gmt":"2020-12-15T23:31:52","slug":"fruit-concentrates-and-purees","status":"publish","type":"page","link":"https:\/\/vinozupa.com\/en\/products\/fruit-concentrates-and-purees\/","title":{"rendered":"Fruit concentrates and purees"},"content":{"rendered":"\t\t<div data-elementor-type=\"wp-post\" data-elementor-id=\"21791\" class=\"elementor elementor-21791 elementor-13769\">\n\t\t\t\t\t\t<section class=\"elementor-section elementor-top-section elementor-element elementor-element-b23a8bd elementor-section-stretched elementor-section-full_width elementor-section-height-default elementor-section-height-default\" data-id=\"b23a8bd\" data-element_type=\"section\" data-settings=\"{&quot;stretch_section&quot;:&quot;section-stretched&quot;,&quot;background_background&quot;:&quot;classic&quot;}\">\n\t\t\t\t\t\t<div class=\"elementor-container elementor-column-gap-no\">\n\t\t\t\t\t<div class=\"elementor-column elementor-col-100 elementor-top-column elementor-element elementor-element-5ac0e40\" data-id=\"5ac0e40\" data-element_type=\"column\">\n\t\t\t<div class=\"elementor-widget-wrap elementor-element-populated\">\n\t\t\t\t\t\t\t<\/div>\n\t\t<\/div>\n\t\t\t\t\t<\/div>\n\t\t<\/section>\n\t\t\t\t<section class=\"elementor-section elementor-top-section elementor-element elementor-element-f9e1827 elementor-section-boxed elementor-section-height-default elementor-section-height-default\" data-id=\"f9e1827\" data-element_type=\"section\">\n\t\t\t\t\t\t<div class=\"elementor-container elementor-column-gap-default\">\n\t\t\t\t\t<div class=\"elementor-column elementor-col-100 elementor-top-column elementor-element elementor-element-166beae\" data-id=\"166beae\" data-element_type=\"column\">\n\t\t\t<div class=\"elementor-widget-wrap elementor-element-populated\">\n\t\t\t\t\t\t<div class=\"elementor-element elementor-element-63cd2b1 elementor-widget elementor-widget-heading\" data-id=\"63cd2b1\" data-element_type=\"widget\" data-widget_type=\"heading.default\">\n\t\t\t\t<div class=\"elementor-widget-container\">\n\t\t\t<h1 class=\"elementor-heading-title elementor-size-default\">Fruit concentrates and purees<\/h1>\t\t<\/div>\n\t\t\t\t<\/div>\n\t\t\t\t<div class=\"elementor-element elementor-element-a3023fa elementor-widget-divider--view-line elementor-widget elementor-widget-divider\" data-id=\"a3023fa\" data-element_type=\"widget\" data-widget_type=\"divider.default\">\n\t\t\t\t<div class=\"elementor-widget-container\">\n\t\t\t\t\t<div class=\"elementor-divider\">\n\t\t\t<span class=\"elementor-divider-separator\">\n\t\t\t\t\t\t<\/span>\n\t\t<\/div>\n\t\t\t\t<\/div>\n\t\t\t\t<\/div>\n\t\t\t\t\t<\/div>\n\t\t<\/div>\n\t\t\t\t\t<\/div>\n\t\t<\/section>\n\t\t\t\t<section class=\"elementor-section elementor-top-section elementor-element elementor-element-0ed21e2 elementor-section-boxed elementor-section-height-default elementor-section-height-default\" data-id=\"0ed21e2\" data-element_type=\"section\">\n\t\t\t\t\t\t<div class=\"elementor-container elementor-column-gap-default\">\n\t\t\t\t\t<div class=\"elementor-column elementor-col-100 elementor-top-column elementor-element elementor-element-2aeb09e\" data-id=\"2aeb09e\" data-element_type=\"column\">\n\t\t\t<div class=\"elementor-widget-wrap elementor-element-populated\">\n\t\t\t\t\t\t<div class=\"elementor-element elementor-element-5c389f0 elementor-widget elementor-widget-text-editor\" data-id=\"5c389f0\" data-element_type=\"widget\" data-widget_type=\"text-editor.default\">\n\t\t\t\t<div class=\"elementor-widget-container\">\n\t\t\t\t\t\t\t<p>In order to have continuous production of fruit juices throughout the year ,,Vino \u017dupa\u201c has invested a lot in the production of fruit purees, concentrated fruit purees and fruit concentrates.<\/p>\n<p>The fruit juice factory is equipped with modern equipment for processing fruit into fruit purees, concentrated fruit purees and fruit concentrates. Those products are used in the production of fruit juices and nectars, as well as being sold to buyers who later use them in their own production.<\/p>\n<p>Microfiltration units and vacuum filters as well as other equipment are used in the production which enables premium quality of our products. Fruit purees and concentrates produced in our fruit processing factory are in high demand worldwide.<\/p>\n\t\t\t\t\t\t<\/div>\n\t\t\t\t<\/div>\n\t\t\t\t<div class=\"elementor-element elementor-element-6b9ae8c elementor-widget elementor-widget-heading\" data-id=\"6b9ae8c\" data-element_type=\"widget\" data-widget_type=\"heading.default\">\n\t\t\t\t<div class=\"elementor-widget-container\">\n\t\t\t<h4 class=\"elementor-heading-title elementor-size-default\">Concentrates<\/h4>\t\t<\/div>\n\t\t\t\t<\/div>\n\t\t\t\t<div class=\"elementor-element elementor-element-97d3b15 elementor-widget-divider--view-line elementor-widget elementor-widget-divider\" data-id=\"97d3b15\" data-element_type=\"widget\" data-widget_type=\"divider.default\">\n\t\t\t\t<div class=\"elementor-widget-container\">\n\t\t\t\t\t<div class=\"elementor-divider\">\n\t\t\t<span class=\"elementor-divider-separator\">\n\t\t\t\t\t\t<\/span>\n\t\t<\/div>\n\t\t\t\t<\/div>\n\t\t\t\t<\/div>\n\t\t\t\t<div class=\"elementor-element elementor-element-70488a9 elementor-widget elementor-widget-text-editor\" data-id=\"70488a9\" data-element_type=\"widget\" data-widget_type=\"text-editor.default\">\n\t\t\t\t<div class=\"elementor-widget-container\">\n\t\t\t\t\t\t\t<p>Concentrated fruit juices are juices where naturally contained water is removed physically by appropriate technological procedures, with all the specific characteristics of a parent fruit preserved. Concentrated fruit juices are later used in production of fruit juices, nectars and syrups.<\/p>\n<p>,,Vino \u017dupa\u201d has 60-years long tradition in production of clear fruit concentrates. Proper selection of fruit sorts from the terrain with favorable climatic conditions and rich experience ensure the production of high quality concentrated juices which are in compliance with all the quality standards.<\/p>\n<p>The juices from the following fruits are being concentrated: apple, quince, sour cherry, plum, blackberry, raspberry, blueberry, strawberry, grape, kiwi and orange.<\/p>\n\t\t\t\t\t\t<\/div>\n\t\t\t\t<\/div>\n\t\t\t\t<div class=\"elementor-element elementor-element-aa95666 elementor-widget elementor-widget-image\" data-id=\"aa95666\" data-element_type=\"widget\" data-widget_type=\"image.default\">\n\t\t\t\t<div class=\"elementor-widget-container\">\n\t\t\t\t\t\t\t\t\t\t\t\t\t<img decoding=\"async\" src=\"https:\/\/vinozupa.com\/wp-content\/uploads\/elementor\/thumbs\/vocni-koncentrat-q1l1a0e20rrt8lt12wp8ew1f1ls0vzc2ikyp44r3vs.jpg\" title=\"vocni-koncentrat\" alt=\"vocni-koncentrat\" loading=\"lazy\" \/>\t\t\t\t\t\t\t\t\t\t\t\t\t<\/div>\n\t\t\t\t<\/div>\n\t\t\t\t<div class=\"elementor-element elementor-element-5279dfa elementor-widget elementor-widget-text-editor\" data-id=\"5279dfa\" data-element_type=\"widget\" data-widget_type=\"text-editor.default\">\n\t\t\t\t<div class=\"elementor-widget-container\">\n\t\t\t\t\t\t\t<p>The modern concentrate production line consists of:<\/p>\n<ul>\n<li>Two presses<\/li>\n<li>Separator<\/li>\n<li>Vacuum filter<\/li>\n<li>Two microfiltration units<\/li>\n<li>Three evaporating stations, including one low temperature station<\/li>\n<\/ul>\n\t\t\t\t\t\t<\/div>\n\t\t\t\t<\/div>\n\t\t\t\t<div class=\"elementor-element elementor-element-8627165 elementor-widget elementor-widget-heading\" data-id=\"8627165\" data-element_type=\"widget\" data-widget_type=\"heading.default\">\n\t\t\t\t<div class=\"elementor-widget-container\">\n\t\t\t<h4 class=\"elementor-heading-title elementor-size-default\">Fruit purees<\/h4>\t\t<\/div>\n\t\t\t\t<\/div>\n\t\t\t\t<div class=\"elementor-element elementor-element-110c9a6 elementor-widget-divider--view-line elementor-widget elementor-widget-divider\" data-id=\"110c9a6\" data-element_type=\"widget\" data-widget_type=\"divider.default\">\n\t\t\t\t<div class=\"elementor-widget-container\">\n\t\t\t\t\t<div class=\"elementor-divider\">\n\t\t\t<span class=\"elementor-divider-separator\">\n\t\t\t\t\t\t<\/span>\n\t\t<\/div>\n\t\t\t\t<\/div>\n\t\t\t\t<\/div>\n\t\t\t\t<section class=\"elementor-section elementor-inner-section elementor-element elementor-element-e792516 elementor-section-boxed elementor-section-height-default elementor-section-height-default\" data-id=\"e792516\" data-element_type=\"section\">\n\t\t\t\t\t\t<div class=\"elementor-container elementor-column-gap-default\">\n\t\t\t\t\t<div class=\"elementor-column elementor-col-50 elementor-inner-column elementor-element elementor-element-b626123\" data-id=\"b626123\" data-element_type=\"column\">\n\t\t\t<div class=\"elementor-widget-wrap elementor-element-populated\">\n\t\t\t\t\t\t<div class=\"elementor-element elementor-element-83ed7e6 elementor-widget elementor-widget-text-editor\" data-id=\"83ed7e6\" data-element_type=\"widget\" data-widget_type=\"text-editor.default\">\n\t\t\t\t<div class=\"elementor-widget-container\">\n\t\t\t\t\t\t\t<p>Fruit puree is pasteurized product of relevant consistency obtained by the use of state-of-the-art\u00a0 technological procedure by processing fresh and selected crops. It is then in sterile conditions filled into aseptic bags which are placed in metal drums and PVC barrels weighing 200-300kg.<\/p>\n<p>With additional water evaporation from the fruit puree we produce a concentrated fruit puree.<\/p>\n<p>The ,,Asepsystems\u201d Italy line with 10t\/h of fresh fruit capacity is used for the production of fruit puree and concentrated puree from the following fruits:<\/p>\n<p>&#8211; Apples, pears, strawberries, raspberries, peaches, apricots, plums, sour cherries.<\/p>\n\t\t\t\t\t\t<\/div>\n\t\t\t\t<\/div>\n\t\t\t\t\t<\/div>\n\t\t<\/div>\n\t\t\t\t<div class=\"elementor-column elementor-col-50 elementor-inner-column elementor-element elementor-element-59ca401\" data-id=\"59ca401\" data-element_type=\"column\">\n\t\t\t<div class=\"elementor-widget-wrap elementor-element-populated\">\n\t\t\t\t\t\t<div class=\"elementor-element elementor-element-54eab37 elementor-widget elementor-widget-image\" data-id=\"54eab37\" data-element_type=\"widget\" data-widget_type=\"image.default\">\n\t\t\t\t<div class=\"elementor-widget-container\">\n\t\t\t\t\t\t\t\t\t\t\t\t\t<img decoding=\"async\" src=\"https:\/\/vinozupa.com\/wp-content\/uploads\/fotografije\/strane\/vocni-koncentrati\/vocni-pire.jpg\" title=\"vocni-pire\" alt=\"vocni-pire\" loading=\"lazy\" \/>\t\t\t\t\t\t\t\t\t\t\t\t\t<\/div>\n\t\t\t\t<\/div>\n\t\t\t\t\t<\/div>\n\t\t<\/div>\n\t\t\t\t\t<\/div>\n\t\t<\/section>\n\t\t\t\t\t<\/div>\n\t\t<\/div>\n\t\t\t\t\t<\/div>\n\t\t<\/section>\n\t\t\t\t<\/div>\n\t\t","protected":false},"excerpt":{"rendered":"<p>Fruit concentrates and purees In order to have continuous production of fruit juices throughout the year ,,Vino \u017dupa\u201c has invested a lot in the production of fruit purees, concentrated fruit purees and fruit concentrates. The fruit juice factory is equipped with modern equipment for processing fruit into fruit purees, concentrated fruit purees and fruit concentrates. [&hellip;]<\/p>\n","protected":false},"author":1,"featured_media":0,"parent":20978,"menu_order":0,"comment_status":"closed","ping_status":"closed","template":"","meta":{"ocean_post_layout":"","ocean_both_sidebars_style":"","ocean_both_sidebars_content_width":0,"ocean_both_sidebars_sidebars_width":0,"ocean_sidebar":"0","ocean_second_sidebar":"0","ocean_disable_margins":"enable","ocean_add_body_class":"","ocean_shortcode_before_top_bar":"","ocean_shortcode_after_top_bar":"","ocean_shortcode_before_header":"","ocean_shortcode_after_header":"","ocean_has_shortcode":"","ocean_shortcode_after_title":"","ocean_shortcode_before_footer_widgets":"","ocean_shortcode_after_footer_widgets":"","ocean_shortcode_before_footer_bottom":"","ocean_shortcode_after_footer_bottom":"","ocean_display_top_bar":"default","ocean_display_header":"default","ocean_header_style":"","ocean_center_header_left_menu":"0","ocean_custom_header_template":"0","ocean_custom_logo":0,"ocean_custom_retina_logo":0,"ocean_custom_logo_max_width":0,"ocean_custom_logo_tablet_max_width":0,"ocean_custom_logo_mobile_max_width":0,"ocean_custom_logo_max_height":0,"ocean_custom_logo_tablet_max_height":0,"ocean_custom_logo_mobile_max_height":0,"ocean_header_custom_menu":"0","ocean_menu_typo_font_family":"0","ocean_menu_typo_font_subset":"","ocean_menu_typo_font_size":0,"ocean_menu_typo_font_size_tablet":0,"ocean_menu_typo_font_size_mobile":0,"ocean_menu_typo_font_size_unit":"px","ocean_menu_typo_font_weight":"","ocean_menu_typo_font_weight_tablet":"","ocean_menu_typo_font_weight_mobile":"","ocean_menu_typo_transform":"","ocean_menu_typo_transform_tablet":"","ocean_menu_typo_transform_mobile":"","ocean_menu_typo_line_height":0,"ocean_menu_typo_line_height_tablet":0,"ocean_menu_typo_line_height_mobile":0,"ocean_menu_typo_line_height_unit":"","ocean_menu_typo_spacing":0,"ocean_menu_typo_spacing_tablet":0,"ocean_menu_typo_spacing_mobile":0,"ocean_menu_typo_spacing_unit":"","ocean_menu_link_color":"","ocean_menu_link_color_hover":"","ocean_menu_link_color_active":"","ocean_menu_link_background":"","ocean_menu_link_hover_background":"","ocean_menu_link_active_background":"","ocean_menu_social_links_bg":"","ocean_menu_social_hover_links_bg":"","ocean_menu_social_links_color":"","ocean_menu_social_hover_links_color":"","ocean_disable_title":"on","ocean_disable_heading":"default","ocean_post_title":"","ocean_post_subheading":"","ocean_post_title_style":"","ocean_post_title_background_color":"","ocean_post_title_background":0,"ocean_post_title_bg_image_position":"","ocean_post_title_bg_image_attachment":"","ocean_post_title_bg_image_repeat":"","ocean_post_title_bg_image_size":"","ocean_post_title_height":0,"ocean_post_title_bg_overlay":0.5,"ocean_post_title_bg_overlay_color":"","ocean_disable_breadcrumbs":"default","ocean_breadcrumbs_color":"","ocean_breadcrumbs_separator_color":"","ocean_breadcrumbs_links_color":"","ocean_breadcrumbs_links_hover_color":"","ocean_display_footer_widgets":"default","ocean_display_footer_bottom":"default","ocean_custom_footer_template":"0"},"yoast_head":"<!-- This site is optimized with the Yoast SEO plugin v21.1 - https:\/\/yoast.com\/wordpress\/plugins\/seo\/ -->\n<title>Fruit concentrates and purees - Vino \u017dupa<\/title>\n<meta name=\"description\" content=\"Da bi imala kontinuiranu proizvodnju vo\u0107nih sokova tokom cele godine \u201eVino \u017dupa\u201d je veliki zna\u010daj dala proizvodnji vo\u0107nih ka\u0161a, koncentrovanih vo\u0107nih ka\u0161a i vo\u0107nih koncentrata. Fabrika sokova je opremljena savremenom opremom za preradu vo\u0107a u vo\u0107ne ka\u0161e, koncentrisane vo\u0107ne ka\u0161e i koncentrate koje kasnije koristi u proizvodnji vo\u0107nih sokova i nektara, ali njima snabdeva i kupce koji ih koriste u svojoj proizvodnji.U proizvodnji se koriste mikrofilteri, naplavni, vakuum filteri i druga oprema koja omogu\u0107ava vrhunski kvalitet proizvoda. Vo\u0107ne ka\u0161e i koncentrati koji izlaze iz fabrike za preradu vo\u0107a su tra\u017eeni \u0161irom sveta.\" \/>\n<meta name=\"robots\" content=\"index, follow, max-snippet:-1, max-image-preview:large, max-video-preview:-1\" \/>\n<link rel=\"canonical\" href=\"https:\/\/vinozupa.com\/en\/products\/fruit-concentrates-and-purees\/\" \/>\n<meta property=\"og:locale\" content=\"en_US\" \/>\n<meta property=\"og:type\" content=\"article\" \/>\n<meta property=\"og:title\" content=\"Fruit concentrates and purees - Vino \u017dupa\" \/>\n<meta property=\"og:description\" content=\"Da bi imala kontinuiranu proizvodnju vo\u0107nih sokova tokom cele godine \u201eVino \u017dupa\u201d je veliki zna\u010daj dala proizvodnji vo\u0107nih ka\u0161a, koncentrovanih vo\u0107nih ka\u0161a i vo\u0107nih koncentrata. Fabrika sokova je opremljena savremenom opremom za preradu vo\u0107a u vo\u0107ne ka\u0161e, koncentrisane vo\u0107ne ka\u0161e i koncentrate koje kasnije koristi u proizvodnji vo\u0107nih sokova i nektara, ali njima snabdeva i kupce koji ih koriste u svojoj proizvodnji.U proizvodnji se koriste mikrofilteri, naplavni, vakuum filteri i druga oprema koja omogu\u0107ava vrhunski kvalitet proizvoda. Vo\u0107ne ka\u0161e i koncentrati koji izlaze iz fabrike za preradu vo\u0107a su tra\u017eeni \u0161irom sveta.\" \/>\n<meta property=\"og:url\" content=\"https:\/\/vinozupa.com\/en\/products\/fruit-concentrates-and-purees\/\" \/>\n<meta property=\"og:site_name\" content=\"Vino \u017dupa\" \/>\n<meta property=\"article:modified_time\" content=\"2020-12-15T23:31:52+00:00\" \/>\n<meta property=\"og:image\" content=\"https:\/\/vinozupa.com\/wp-content\/uploads\/elementor\/thumbs\/vocni-koncentrat-ocekps5lb7h1j5ysje4vhbevcc1dcmxbkkdnekmrg2.jpg\" \/>\n<meta name=\"twitter:card\" content=\"summary_large_image\" \/>\n<meta name=\"twitter:label1\" content=\"Est. reading time\" \/>\n\t<meta name=\"twitter:data1\" content=\"2 minutes\" \/>\n<script type=\"application\/ld+json\" class=\"yoast-schema-graph\">{\"@context\":\"https:\/\/schema.org\",\"@graph\":[{\"@type\":\"WebPage\",\"@id\":\"https:\/\/vinozupa.com\/en\/products\/fruit-concentrates-and-purees\/\",\"url\":\"https:\/\/vinozupa.com\/en\/products\/fruit-concentrates-and-purees\/\",\"name\":\"Fruit concentrates and purees - Vino \u017dupa\",\"isPartOf\":{\"@id\":\"https:\/\/vinozupa.com\/en\/#website\"},\"datePublished\":\"2019-05-17T09:16:59+00:00\",\"dateModified\":\"2020-12-15T23:31:52+00:00\",\"description\":\"Da bi imala kontinuiranu proizvodnju vo\u0107nih sokova tokom cele godine \u201eVino \u017dupa\u201d je veliki zna\u010daj dala proizvodnji vo\u0107nih ka\u0161a, koncentrovanih vo\u0107nih ka\u0161a i vo\u0107nih koncentrata. Fabrika sokova je opremljena savremenom opremom za preradu vo\u0107a u vo\u0107ne ka\u0161e, koncentrisane vo\u0107ne ka\u0161e i koncentrate koje kasnije koristi u proizvodnji vo\u0107nih sokova i nektara, ali njima snabdeva i kupce koji ih koriste u svojoj proizvodnji.U proizvodnji se koriste mikrofilteri, naplavni, vakuum filteri i druga oprema koja omogu\u0107ava vrhunski kvalitet proizvoda. Vo\u0107ne ka\u0161e i koncentrati koji izlaze iz fabrike za preradu vo\u0107a su tra\u017eeni \u0161irom sveta.\",\"breadcrumb\":{\"@id\":\"https:\/\/vinozupa.com\/en\/products\/fruit-concentrates-and-purees\/#breadcrumb\"},\"inLanguage\":\"en-US\",\"potentialAction\":[{\"@type\":\"ReadAction\",\"target\":[\"https:\/\/vinozupa.com\/en\/products\/fruit-concentrates-and-purees\/\"]}]},{\"@type\":\"BreadcrumbList\",\"@id\":\"https:\/\/vinozupa.com\/en\/products\/fruit-concentrates-and-purees\/#breadcrumb\",\"itemListElement\":[{\"@type\":\"ListItem\",\"position\":1,\"name\":\"Naslovna\",\"item\":\"https:\/\/vinozupa.com\/en\/\"},{\"@type\":\"ListItem\",\"position\":2,\"name\":\"Products\",\"item\":\"https:\/\/vinozupa.com\/en\/products\/\"},{\"@type\":\"ListItem\",\"position\":3,\"name\":\"Fruit concentrates and purees\"}]},{\"@type\":\"WebSite\",\"@id\":\"https:\/\/vinozupa.com\/en\/#website\",\"url\":\"https:\/\/vinozupa.com\/en\/\",\"name\":\"Vino \u017dupa\",\"description\":\"\",\"publisher\":{\"@id\":\"https:\/\/vinozupa.com\/en\/#organization\"},\"potentialAction\":[{\"@type\":\"SearchAction\",\"target\":{\"@type\":\"EntryPoint\",\"urlTemplate\":\"https:\/\/vinozupa.com\/en\/?s={search_term_string}\"},\"query-input\":\"required name=search_term_string\"}],\"inLanguage\":\"en-US\"},{\"@type\":\"Organization\",\"@id\":\"https:\/\/vinozupa.com\/en\/#organization\",\"name\":\"Vino \u017dupa a.d.\",\"url\":\"https:\/\/vinozupa.com\/en\/\",\"logo\":{\"@type\":\"ImageObject\",\"inLanguage\":\"en-US\",\"@id\":\"https:\/\/vinozupa.com\/en\/#\/schema\/logo\/image\/\",\"url\":\"https:\/\/vinozupa.com\/wp-content\/uploads\/fotografije\/strane\/LogoVZ.png\",\"contentUrl\":\"https:\/\/vinozupa.com\/wp-content\/uploads\/fotografije\/strane\/LogoVZ.png\",\"width\":251,\"height\":42,\"caption\":\"Vino \u017dupa a.d.\"},\"image\":{\"@id\":\"https:\/\/vinozupa.com\/en\/#\/schema\/logo\/image\/\"},\"sameAs\":[\"https:\/\/www.youtube.com\/channel\/UCQhaCIC-7GlAcZT48ifHx6w\"]}]}<\/script>\n<!-- \/ Yoast SEO plugin. -->","yoast_head_json":{"title":"Fruit concentrates and purees - Vino \u017dupa","description":"Da bi imala kontinuiranu proizvodnju vo\u0107nih sokova tokom cele godine \u201eVino \u017dupa\u201d je veliki zna\u010daj dala proizvodnji vo\u0107nih ka\u0161a, koncentrovanih vo\u0107nih ka\u0161a i vo\u0107nih koncentrata. Fabrika sokova je opremljena savremenom opremom za preradu vo\u0107a u vo\u0107ne ka\u0161e, koncentrisane vo\u0107ne ka\u0161e i koncentrate koje kasnije koristi u proizvodnji vo\u0107nih sokova i nektara, ali njima snabdeva i kupce koji ih koriste u svojoj proizvodnji.U proizvodnji se koriste mikrofilteri, naplavni, vakuum filteri i druga oprema koja omogu\u0107ava vrhunski kvalitet proizvoda. Vo\u0107ne ka\u0161e i koncentrati koji izlaze iz fabrike za preradu vo\u0107a su tra\u017eeni \u0161irom sveta.","robots":{"index":"index","follow":"follow","max-snippet":"max-snippet:-1","max-image-preview":"max-image-preview:large","max-video-preview":"max-video-preview:-1"},"canonical":"https:\/\/vinozupa.com\/en\/products\/fruit-concentrates-and-purees\/","og_locale":"en_US","og_type":"article","og_title":"Fruit concentrates and purees - Vino \u017dupa","og_description":"Da bi imala kontinuiranu proizvodnju vo\u0107nih sokova tokom cele godine \u201eVino \u017dupa\u201d je veliki zna\u010daj dala proizvodnji vo\u0107nih ka\u0161a, koncentrovanih vo\u0107nih ka\u0161a i vo\u0107nih koncentrata. Fabrika sokova je opremljena savremenom opremom za preradu vo\u0107a u vo\u0107ne ka\u0161e, koncentrisane vo\u0107ne ka\u0161e i koncentrate koje kasnije koristi u proizvodnji vo\u0107nih sokova i nektara, ali njima snabdeva i kupce koji ih koriste u svojoj proizvodnji.U proizvodnji se koriste mikrofilteri, naplavni, vakuum filteri i druga oprema koja omogu\u0107ava vrhunski kvalitet proizvoda. Vo\u0107ne ka\u0161e i koncentrati koji izlaze iz fabrike za preradu vo\u0107a su tra\u017eeni \u0161irom sveta.","og_url":"https:\/\/vinozupa.com\/en\/products\/fruit-concentrates-and-purees\/","og_site_name":"Vino \u017dupa","article_modified_time":"2020-12-15T23:31:52+00:00","og_image":[{"url":"https:\/\/vinozupa.com\/wp-content\/uploads\/elementor\/thumbs\/vocni-koncentrat-ocekps5lb7h1j5ysje4vhbevcc1dcmxbkkdnekmrg2.jpg"}],"twitter_card":"summary_large_image","twitter_misc":{"Est. reading time":"2 minutes"},"schema":{"@context":"https:\/\/schema.org","@graph":[{"@type":"WebPage","@id":"https:\/\/vinozupa.com\/en\/products\/fruit-concentrates-and-purees\/","url":"https:\/\/vinozupa.com\/en\/products\/fruit-concentrates-and-purees\/","name":"Fruit concentrates and purees - Vino \u017dupa","isPartOf":{"@id":"https:\/\/vinozupa.com\/en\/#website"},"datePublished":"2019-05-17T09:16:59+00:00","dateModified":"2020-12-15T23:31:52+00:00","description":"Da bi imala kontinuiranu proizvodnju vo\u0107nih sokova tokom cele godine \u201eVino \u017dupa\u201d je veliki zna\u010daj dala proizvodnji vo\u0107nih ka\u0161a, koncentrovanih vo\u0107nih ka\u0161a i vo\u0107nih koncentrata. Fabrika sokova je opremljena savremenom opremom za preradu vo\u0107a u vo\u0107ne ka\u0161e, koncentrisane vo\u0107ne ka\u0161e i koncentrate koje kasnije koristi u proizvodnji vo\u0107nih sokova i nektara, ali njima snabdeva i kupce koji ih koriste u svojoj proizvodnji.U proizvodnji se koriste mikrofilteri, naplavni, vakuum filteri i druga oprema koja omogu\u0107ava vrhunski kvalitet proizvoda. Vo\u0107ne ka\u0161e i koncentrati koji izlaze iz fabrike za preradu vo\u0107a su tra\u017eeni \u0161irom sveta.","breadcrumb":{"@id":"https:\/\/vinozupa.com\/en\/products\/fruit-concentrates-and-purees\/#breadcrumb"},"inLanguage":"en-US","potentialAction":[{"@type":"ReadAction","target":["https:\/\/vinozupa.com\/en\/products\/fruit-concentrates-and-purees\/"]}]},{"@type":"BreadcrumbList","@id":"https:\/\/vinozupa.com\/en\/products\/fruit-concentrates-and-purees\/#breadcrumb","itemListElement":[{"@type":"ListItem","position":1,"name":"Naslovna","item":"https:\/\/vinozupa.com\/en\/"},{"@type":"ListItem","position":2,"name":"Products","item":"https:\/\/vinozupa.com\/en\/products\/"},{"@type":"ListItem","position":3,"name":"Fruit concentrates and purees"}]},{"@type":"WebSite","@id":"https:\/\/vinozupa.com\/en\/#website","url":"https:\/\/vinozupa.com\/en\/","name":"Vino \u017dupa","description":"","publisher":{"@id":"https:\/\/vinozupa.com\/en\/#organization"},"potentialAction":[{"@type":"SearchAction","target":{"@type":"EntryPoint","urlTemplate":"https:\/\/vinozupa.com\/en\/?s={search_term_string}"},"query-input":"required name=search_term_string"}],"inLanguage":"en-US"},{"@type":"Organization","@id":"https:\/\/vinozupa.com\/en\/#organization","name":"Vino \u017dupa a.d.","url":"https:\/\/vinozupa.com\/en\/","logo":{"@type":"ImageObject","inLanguage":"en-US","@id":"https:\/\/vinozupa.com\/en\/#\/schema\/logo\/image\/","url":"https:\/\/vinozupa.com\/wp-content\/uploads\/fotografije\/strane\/LogoVZ.png","contentUrl":"https:\/\/vinozupa.com\/wp-content\/uploads\/fotografije\/strane\/LogoVZ.png","width":251,"height":42,"caption":"Vino \u017dupa a.d."},"image":{"@id":"https:\/\/vinozupa.com\/en\/#\/schema\/logo\/image\/"},"sameAs":["https:\/\/www.youtube.com\/channel\/UCQhaCIC-7GlAcZT48ifHx6w"]}]}},"_links":{"self":[{"href":"https:\/\/vinozupa.com\/en\/wp-json\/wp\/v2\/pages\/21791"}],"collection":[{"href":"https:\/\/vinozupa.com\/en\/wp-json\/wp\/v2\/pages"}],"about":[{"href":"https:\/\/vinozupa.com\/en\/wp-json\/wp\/v2\/types\/page"}],"author":[{"embeddable":true,"href":"https:\/\/vinozupa.com\/en\/wp-json\/wp\/v2\/users\/1"}],"replies":[{"embeddable":true,"href":"https:\/\/vinozupa.com\/en\/wp-json\/wp\/v2\/comments?post=21791"}],"version-history":[{"count":0,"href":"https:\/\/vinozupa.com\/en\/wp-json\/wp\/v2\/pages\/21791\/revisions"}],"up":[{"embeddable":true,"href":"https:\/\/vinozupa.com\/en\/wp-json\/wp\/v2\/pages\/20978"}],"wp:attachment":[{"href":"https:\/\/vinozupa.com\/en\/wp-json\/wp\/v2\/media?parent=21791"}],"curies":[{"name":"wp","href":"https:\/\/api.w.org\/{rel}","templated":true}]}}